{"id":59,"date":"2025-07-04T09:32:27","date_gmt":"2025-07-04T09:32:27","guid":{"rendered":"https:\/\/waw-experience.com\/?page_id=59"},"modified":"2025-07-29T11:46:10","modified_gmt":"2025-07-29T09:46:10","slug":"waw-experience-com","status":"publish","type":"page","link":"https:\/\/waw-experience.com\/fr_fr\/","title":{"rendered":"WAW experience.com"},"content":{"rendered":"\n<div class=\"wp-block-cover aligncenter\"><img loading=\"lazy\" decoding=\"async\" width=\"1536\" height=\"1024\" class=\"wp-block-cover__image-background wp-image-142\" alt=\"\" src=\"https:\/\/waw-experience.com\/wp-content\/uploads\/2025\/07\/VTT-senegal-2025.png\" data-object-fit=\"cover\" srcset=\"https:\/\/waw-experience.com\/wp-content\/uploads\/2025\/07\/VTT-senegal-2025.png 1536w, https:\/\/waw-experience.com\/wp-content\/uploads\/2025\/07\/VTT-senegal-2025-300x200.png 300w, https:\/\/waw-experience.com\/wp-content\/uploads\/2025\/07\/VTT-senegal-2025-1024x683.png 1024w, https:\/\/waw-experience.com\/wp-content\/uploads\/2025\/07\/VTT-senegal-2025-768x512.png 768w\" sizes=\"auto, (max-width: 1536px) 100vw, 1536px\" \/><span aria-hidden=\"true\" class=\"wp-block-cover__background has-background-dim\" style=\"background-color:#8b5726\"><\/span><div class=\"wp-block-cover__inner-container is-layout-flow wp-block-cover-is-layout-flow\">\n<p class=\"has-text-align-center has-white-color has-text-color has-link-color has-small-font-size wp-elements-452cad3c01b8d39dbde318c5bb0f3ab4\">Waw Experience<\/p>\n\n\n\n<p class=\"has-text-align-center has-white-color has-text-color has-link-color has-small-font-size wp-elements-4a423bde8ed780beceb51e1f0508e0f2\">Bient\u00f4t, vivez des aventures VTT inoubliables sur la petite c\u00f4te du S\u00e9n\u00e9gal<\/p>\n\n\n\n<p class=\"has-text-align-center has-white-color has-text-color has-link-color has-small-font-size wp-elements-0fc6ec5bb2f5d481ad1878117479a001\">Sport fun, nature et d\u00e9couverte<\/p>\n\n\n\n<div class=\"wp-block-buttons is-content-justification-center is-layout-flex wp-container-core-buttons-is-layout-a89b3969 wp-block-buttons-is-layout-flex\">\n<div class=\"wp-block-button\"><a class=\"wp-block-button__link wp-element-button\" href=\"#contact\">Tenez-moi inform\u00e9 <\/a><\/div>\n<\/div>\n<\/div><\/div>\n\n\n\n<h2 class=\"wp-block-heading\"><strong>L\u2019exp\u00e9rience<\/strong><\/h2>\n\n\n\n<p>Bient\u00f4t, vivez des aventures VTT inoubliables sur la Petite C\u00f4te du S\u00e9n\u00e9gal. Des s\u00e9jours \u00e9co-responsables alliant sport, nature et d\u00e9couverte.<\/p>\n\n\n\n<p>Soyez les premiers inform\u00e9s de l&rsquo;ouverture ! Inscrivez-vous pour recevoir des nouvelles exclusives sur notre projet, d\u00e9couvrir nos parcours en avant-premi\u00e8re et b\u00e9n\u00e9ficier d&rsquo;une offre de lancement sp\u00e9ciale.<\/p>\n\n\n\n<h2 class=\"wp-block-heading\"> <strong>O\u00f9 \u00e7a se passe ?<\/strong><\/h2>\n\n\n\n<p>Autour de Nianing, sur la petite c\u00f4te du S\u00e9n\u00e9gal. Nianing se trouve entre Warang et Pointe Sar\u00e8ne sur la commune de Malicounda, d\u00e9partement de M&rsquo;bour.<\/p>\n\n\n\n<div style=\"text-align:center;\">\n<iframe src=\"https:\/\/www.google.com\/maps\/embed?pb=!1m18!1m12!1m3!1d229200.10407360113!2d-16.935843305363242!3d14.370102150523726!2m3!1f0!2f0!3f0!3m2!1i1024!2i768!4f13.1!3m3!1m2!1s0xec221e83d8b21a3%3A0x6494580084081b3b!2zTmlhbmluZywgU8OpbsOpZ2Fs!5e0!3m2!1sfr!2sbe!4v1752056714349!5m2!1sfr!2sbe\" width=\"600\" height=\"450\" style=\"border:0;\" allowfullscreen=\"\" loading=\"lazy\" referrerpolicy=\"no-referrer-when-downgrade\"><\/iframe><\/div>\n\n\n\n<h2 class=\"wp-block-heading\"><strong>Futurs s\u00e9jours propos\u00e9s<\/strong><\/h2>\n\n\n\n<ul class=\"wp-block-list\">\n<li><strong>Bike Camp :<\/strong>&nbsp;Pour progresser et vous d\u00e9passer dans un cadre idyllique.<\/li>\n\n\n\n<li><strong>Bivouac :<\/strong>&nbsp;Une aventure de 2 jours avec une nuit inoubliable sous les \u00e9toiles.<\/li>\n\n\n\n<li><strong>Vacances en famille\/amis :<\/strong>&nbsp;Des parcours adapt\u00e9s \u00e0 tous pour partager des moments uniques.<\/li>\n\n\n\n<li><strong>Team Building :<\/strong>&nbsp;Renforcez les liens de vos \u00e9quipes loin du quotidien.<\/li>\n<\/ul>\n\n\n\n<h2 class=\"wp-block-heading\" id=\"contact\"><strong>Renseignements<\/strong><\/h2>\n\n\n\n<div class=\"wp-block-buttons is-content-justification-center is-layout-flex wp-container-core-buttons-is-layout-a89b3969 wp-block-buttons-is-layout-flex\">\n<div class=\"wp-block-button\"><a class=\"wp-block-button__link has-vivid-green-cyan-background-color has-background wp-element-button\" href=\"https:\/\/wa.me\/32479888445?text=Bonjour%20je%20souhaite%20avoir des renseignements%20sur votre activit\u00e9%20VTT\">via whatsapp<\/a><\/div>\n<\/div>\n\n\n<style id=\"wpforms-css-vars-107-block-d90c48bf-3dcd-4af3-b00d-0aa4e7c50cbe\">\n\t\t\t\t#wpforms-107.wpforms-block-d90c48bf-3dcd-4af3-b00d-0aa4e7c50cbe {\n\t\t\t\t--wpforms-field-border-color: #abb8c3;\n--wpforms-field-border-color-spare: #abb8c3;\n--wpforms-field-size-input-height: 31px;\n--wpforms-field-size-input-spacing: 10px;\n--wpforms-field-size-font-size: 14px;\n--wpforms-field-size-line-height: 17px;\n--wpforms-field-size-padding-h: 9px;\n--wpforms-field-size-checkbox-size: 14px;\n--wpforms-field-size-sublabel-spacing: 5px;\n--wpforms-field-size-icon-size: 0.75;\n--wpforms-label-size-font-size: 16px;\n--wpforms-label-size-line-height: 19px;\n--wpforms-label-size-sublabel-font-size: 14px;\n--wpforms-label-size-sublabel-line-height: 17px;\n--wpforms-button-size-font-size: 17px;\n--wpforms-button-size-height: 41px;\n--wpforms-button-size-padding-h: 15px;\n--wpforms-button-size-margin-top: 10px;\n\t\t\t}\n\t\t\t<\/style><div class=\"wpforms-container wpforms-container-full wpforms-block wpforms-block-d90c48bf-3dcd-4af3-b00d-0aa4e7c50cbe wpforms-render-modern\" id=\"wpforms-107\"><form id=\"wpforms-form-107\" class=\"wpforms-validate wpforms-form wpforms-ajax-form\" data-formid=\"107\" method=\"post\" enctype=\"multipart\/form-data\" action=\"\/fr_fr\/wp-json\/wp\/v2\/pages\/59\" data-token=\"6c85107aca49e28ae763d569a76a2e51\" data-token-time=\"1776071972\"><div class=\"wpforms-head-container\"><div class=\"wpforms-title\">via formulaire<\/div><\/div><noscript class=\"wpforms-error-noscript\">Veuillez activer JavaScript dans votre navigateur pour remplir ce formulaire.<\/noscript><div id=\"wpforms-error-noscript\" style=\"display: none;\">Veuillez activer JavaScript dans votre navigateur pour remplir ce formulaire.<\/div><div class=\"wpforms-field-container\"><div id=\"wpforms-107-field_1-container\" class=\"wpforms-field wpforms-field-name\" data-field-id=\"1\"><fieldset><legend class=\"wpforms-field-label\">Nom <span class=\"wpforms-required-label\" aria-hidden=\"true\">*<\/span><\/legend><div class=\"wpforms-field-row wpforms-field-medium\"><div class=\"wpforms-field-row-block wpforms-first wpforms-one-half\"><input type=\"text\" id=\"wpforms-107-field_1\" class=\"wpforms-field-name-first wpforms-field-required\" name=\"wpforms[fields][1][first]\" aria-errormessage=\"wpforms-107-field_1-error\" required><label for=\"wpforms-107-field_1\" class=\"wpforms-field-sublabel after\">Pr\u00e9nom<\/label><\/div><div class=\"wpforms-field-row-block wpforms-one-half\"><input type=\"text\" id=\"wpforms-107-field_1-last\" class=\"wpforms-field-name-last wpforms-field-required\" name=\"wpforms[fields][1][last]\" aria-errormessage=\"wpforms-107-field_1-last-error\" required><label for=\"wpforms-107-field_1-last\" class=\"wpforms-field-sublabel after\">Nom<\/label><\/div><\/div><\/fieldset><\/div>\t\t<div id=\"wpforms-107-field_4-container\"\n\t\t\tclass=\"wpforms-field wpforms-field-text\"\n\t\t\tdata-field-type=\"text\"\n\t\t\tdata-field-id=\"4\"\n\t\t\t>\n\t\t\t<label class=\"wpforms-field-label\" for=\"wpforms-107-field_4\" >E-mail Commentaire ou<\/label>\n\t\t\t<input type=\"text\" id=\"wpforms-107-field_4\" class=\"wpforms-field-medium\" name=\"wpforms[fields][4]\" >\n\t\t<\/div>\n\t\t<div id=\"wpforms-107-field_2-container\" class=\"wpforms-field wpforms-field-email\" data-field-id=\"2\"><label class=\"wpforms-field-label\" for=\"wpforms-107-field_2\">E-mail <span class=\"wpforms-required-label\" aria-hidden=\"true\">*<\/span><\/label><input type=\"email\" id=\"wpforms-107-field_2\" class=\"wpforms-field-medium wpforms-field-required\" name=\"wpforms[fields][2]\" spellcheck=\"false\" aria-errormessage=\"wpforms-107-field_2-error\" required><\/div><div id=\"wpforms-107-field_3-container\" class=\"wpforms-field wpforms-field-textarea\" data-field-id=\"3\"><label class=\"wpforms-field-label\" for=\"wpforms-107-field_3\">Commentaire ou message<\/label><textarea id=\"wpforms-107-field_3\" class=\"wpforms-field-medium\" name=\"wpforms[fields][3]\" aria-errormessage=\"wpforms-107-field_3-error\" ><\/textarea><\/div><script>\n\t\t\t\t( function() {\n\t\t\t\t\tconst style = document.createElement( 'style' );\n\t\t\t\t\tstyle.appendChild( document.createTextNode( '#wpforms-107-field_4-container { position: absolute !important; overflow: hidden !important; display: inline !important; height: 1px !important; width: 1px !important; z-index: -1000 !important; padding: 0 !important; } #wpforms-107-field_4-container input { visibility: hidden; } #wpforms-conversational-form-page #wpforms-107-field_4-container label { counter-increment: none; }' ) );\n\t\t\t\t\tdocument.head.appendChild( style );\n\t\t\t\t\tdocument.currentScript?.remove();\n\t\t\t\t} )();\n\t\t\t<\/script><\/div><!-- .wpforms-field-container --><div class=\"wpforms-submit-container\" ><input type=\"hidden\" name=\"wpforms[id]\" value=\"107\"><input type=\"hidden\" name=\"page_title\" value=\"\"><input type=\"hidden\" name=\"page_url\" value=\"https:\/\/waw-experience.com\/fr_fr\/wp-json\/wp\/v2\/pages\/59\"><input type=\"hidden\" name=\"url_referer\" value=\"https:\/\/waw-experience.com\/fr_fr\/\"><button type=\"submit\" name=\"wpforms[submit]\" id=\"wpforms-submit-107\" class=\"wpforms-submit\" data-alt-text=\"Envoi...\" data-submit-text=\"Envoyer\" aria-live=\"assertive\" value=\"wpforms-submit\">Envoyer<\/button><img loading=\"lazy\" decoding=\"async\" src=\"https:\/\/waw-experience.com\/wp-content\/plugins\/wpforms-lite\/assets\/images\/submit-spin.svg\" class=\"wpforms-submit-spinner\" style=\"display: none;\" width=\"26\" height=\"26\" alt=\"Chargement en cours\"><\/div><\/form><\/div>  <!-- .wpforms-container -->","protected":false},"excerpt":{"rendered":"<p>L\u2019exp\u00e9rience Bient\u00f4t, vivez des aventures VTT inoubliables sur la Petite C\u00f4te du S\u00e9n\u00e9gal. Des s\u00e9jours \u00e9co-responsables alliant sport, nature et d\u00e9couverte. Soyez les premiers inform\u00e9s de l&rsquo;ouverture ! Inscrivez-vous pour recevoir des nouvelles exclusives sur notre projet, d\u00e9couvrir nos parcours en avant-premi\u00e8re et b\u00e9n\u00e9ficier d&rsquo;une offre de lancement sp\u00e9ciale. O\u00f9 \u00e7a se passe ? Autour [&hellip;]<\/p>\n","protected":false},"author":1,"featured_media":0,"parent":0,"menu_order":0,"comment_status":"closed","ping_status":"closed","template":"","meta":{"footnotes":""},"class_list":["post-59","page","type-page","status-publish","hentry"],"blocksy_meta":[],"_links":{"self":[{"href":"https:\/\/waw-experience.com\/fr_fr\/wp-json\/wp\/v2\/pages\/59","targetHints":{"allow":["GET"]}}],"collection":[{"href":"https:\/\/waw-experience.com\/fr_fr\/wp-json\/wp\/v2\/pages"}],"about":[{"href":"https:\/\/waw-experience.com\/fr_fr\/wp-json\/wp\/v2\/types\/page"}],"author":[{"embeddable":true,"href":"https:\/\/waw-experience.com\/fr_fr\/wp-json\/wp\/v2\/users\/1"}],"replies":[{"embeddable":true,"href":"https:\/\/waw-experience.com\/fr_fr\/wp-json\/wp\/v2\/comments?post=59"}],"version-history":[{"count":42,"href":"https:\/\/waw-experience.com\/fr_fr\/wp-json\/wp\/v2\/pages\/59\/revisions"}],"predecessor-version":[{"id":159,"href":"https:\/\/waw-experience.com\/fr_fr\/wp-json\/wp\/v2\/pages\/59\/revisions\/159"}],"wp:attachment":[{"href":"https:\/\/waw-experience.com\/fr_fr\/wp-json\/wp\/v2\/media?parent=59"}],"curies":[{"name":"wp","href":"https:\/\/api.w.org\/{rel}","templated":true}]}}